{"id":1587,"date":"2021-12-13T05:24:19","date_gmt":"2021-12-13T04:24:19","guid":{"rendered":"https:\/\/test111.xyz\/kontaktua\/"},"modified":"2024-09-24T15:14:12","modified_gmt":"2024-09-24T13:14:12","slug":"kontaktua","status":"publish","type":"page","link":"https:\/\/elkargest.com\/eu\/kontaktua\/","title":{"rendered":"Kontaktua"},"content":{"rendered":"\n<div class=\"blockart-section blockart-section-73441fc0\"><div class=\"blockart-container\"><div class=\"blockart-section-inner\">\n<div class=\"blockart-column blockart-column-19d4e79a\"><div class=\"blockart-column-inner\">\n<h2 class=\"blockart-heading blockart-heading-ed8ed03b\">Helbidea<\/h2>\n\n\n\n<p class=\"blockart-paragraph blockart-paragraph-d195d6a0\">Poligono Industrial Basabe, Pabellon EO2, 20550 Aretxabaleta, Gipuzkoa<\/p>\n<\/div><\/div>\n\n\n\n<div class=\"blockart-column blockart-column-67d4f14c\"><div class=\"blockart-column-inner\">\n<h2 class=\"blockart-heading blockart-heading-4a35044c\">Emaila<\/h2>\n\n\n\n<p class=\"blockart-paragraph blockart-paragraph-d266bdad\">elkargest@elkargest.com<\/p>\n<\/div><\/div>\n\n\n\n<div class=\"blockart-column blockart-column-7f33a661\"><div class=\"blockart-column-inner\">\n<h2 class=\"blockart-heading blockart-heading-79dd122c\">Telefonoa<\/h2>\n\n\n\n<p class=\"blockart-paragraph blockart-paragraph-9badcfde\">943 08 13 82<\/p>\n<\/div><\/div>\n\n\n\n<div class=\"blockart-column blockart-column-31c109f0\"><div class=\"blockart-column-inner\">\n<h2 class=\"blockart-heading blockart-heading-851087b5\">Ordutegia<\/h2>\n\n\n\n<p class=\"blockart-paragraph blockart-paragraph-42904d24\">Astelehena &#8211; Ostirala: 9AM &#8211; 6 PM <\/p>\n<\/div><\/div>\n<\/div><\/div><\/div>\n\n<div class=\"blockart-section blockart-section-a8c7c151\"><div class=\"blockart-container\"><div class=\"blockart-section-inner\">\n<div class=\"blockart-column blockart-column-dab34859\"><div class=\"blockart-column-inner\"><\/div><\/div>\n\n\n\n<div class=\"blockart-column blockart-column-4d4d4da2\"><div class=\"blockart-column-inner\">\n<h2 class=\"blockart-heading blockart-heading-4d52da07\">Zu ezagutu nahi zaitugu<\/h2>\n<\/div><\/div>\n\n\n\n<div class=\"blockart-column blockart-column-119d63ce\"><div class=\"blockart-column-inner\"><\/div><\/div>\n<\/div><\/div><\/div>\n\n<div class=\"blockart-section blockart-section-316a90b0\"><div class=\"blockart-container\"><div class=\"blockart-section-inner\">\n<div class=\"blockart-column blockart-column-fae01a13\"><div class=\"blockart-column-inner\"><\/div><\/div>\n\n\n\n<div class=\"blockart-column blockart-column-b422ba43\"><div class=\"blockart-column-inner\">\n<div class=\"everest-forms\"><div class=\"evf-container default\" id=\"evf-1333\"><form id=\"evf-form-1333\" class=\"everest-form\" data-formid=\"1333\" data-ajax_submission=\"0\" data-keyboard_friendly_form=\"0\" data-form_state_type=\"\" method=\"post\" enctype=\"multipart\/form-data\" action=\"\/eu\/wp-json\/wp\/v2\/pages\/1587\"><div class=\"evf-field-container\"><input type=\"hidden\" id=\"_wpnonce1333\" name=\"_wpnonce1333\" value=\"a6d413804e\" \/><input type=\"hidden\" name=\"_wp_http_referer\" value=\"\/eu\/wp-json\/wp\/v2\/pages\/1587\" \/><div class=\"evf-frontend-row\" data-row=\"row_1\" conditional_rules=\"[]\"><div class=\"evf-frontend-grid evf-grid-1\" data-grid=\"grid_1\"><div id=\"evf-1333-field_ys0GeZISRs-1-container\" class=\"evf-field evf-field-first-name form-row validate-required\" data-required-field-message=\"Este campo es obligatorio.\" data-field-id=\"ys0GeZISRs-1\"><label class=\"evf-field-label\" for=\"evf-1333-field_ys0GeZISRs-1\"><span class=\"evf-label\">Nombre<\/span> <abbr class=\"required\" title=\"Required\">*<\/abbr><\/label><input type=\"text\" id=\"evf-1333-field_ys0GeZISRs-1\" class=\"input-text\" name=\"everest_forms[form_fields][ys0GeZISRs-1]\" required><\/div><div id=\"evf-1333-field_LbH5NxasXM-2-container\" class=\"evf-field evf-field-email form-row validate-required validate-email\" data-required-field-message=\"Por favor, introduce una direcci\u00f3n de correo electr\u00f3nico v\u00e1lida.\" data-field-id=\"LbH5NxasXM-2\"><label class=\"evf-field-label\" for=\"evf-1333-field_LbH5NxasXM-2\"><span class=\"evf-label\">Email<\/span> <abbr class=\"required\" title=\"Required\">*<\/abbr><\/label><input type=\"email\" id=\"evf-1333-field_LbH5NxasXM-2\" class=\"input-text\" name=\"everest_forms[form_fields][LbH5NxasXM-2]\" required ><\/div><div id=\"evf-1333-field_66FR384cge-3-container\" class=\"evf-field evf-field-text form-row\" data-field-id=\"66FR384cge-3\"><label class=\"evf-field-label\" for=\"evf-1333-field_66FR384cge-3\"><span class=\"evf-label\">Tema<\/span> <\/label><input type=\"text\" id=\"evf-1333-field_66FR384cge-3\" class=\"input-text\" name=\"everest_forms[form_fields][66FR384cge-3]\" ><\/div><div id=\"evf-1333-field_yhGx3FOwr2-4-container\" class=\"evf-field evf-field-textarea form-row\" data-field-id=\"yhGx3FOwr2-4\"><label class=\"evf-field-label\" for=\"evf-1333-field_yhGx3FOwr2-4\"><span class=\"evf-label\">Mensaje<\/span> <\/label><textarea id=\"evf-1333-field_yhGx3FOwr2-4\" class=\"input-text\" name=\"everest_forms[form_fields][yhGx3FOwr2-4]\"  ><\/textarea><\/div><\/div><\/div><\/div><div class=\"evf-honeypot-container evf-field-hp\"><label for=\"evf-1333-field-hp\" class=\"evf-field-label\">Message<\/label><input type=\"text\" name=\"everest_forms[hp]\" id=\"evf-1333-field-hp\" class=\"input-text\"><\/div><div class=\"evf-submit-container \" ><input type=\"hidden\" name=\"everest_forms[id]\" value=\"1333\"><input type=\"hidden\" name=\"everest_forms[author]\" value=\"1\"><button type='submit' name='everest_forms[submit]' class='everest-forms-submit-button button evf-submit ' id='evf-submit-1333' value='evf-submit' data-process-text=\"Procesando\u2026\" conditional_rules='&quot;&quot;' conditional_id='evf-submit-1333'  id=\"evf-submit-1333\" aria-live=\"assertive\">Enviar<\/button><\/div><\/form><\/div><!-- .evf-container --><\/div>\n<\/div><\/div>\n\n\n\n<div class=\"blockart-column blockart-column-51c38e90\"><div class=\"blockart-column-inner\"><\/div><\/div>\n<\/div><\/div><\/div>\n\n<div class=\"blockart-section blockart-section-979ffdef\"><div class=\"blockart-container-fluid\"><div class=\"blockart-section-inner\">\n<div class=\"blockart-column blockart-column-9d2964c2\"><div class=\"blockart-column-inner\">\n<iframe src=\"https:\/\/www.google.com\/maps\/embed?pb=!1m18!1m12!1m3!1d2916.46704443863!2d-2.507446923494687!3d43.03160389241105!2m3!1f0!2f0!3f0!3m2!1i1024!2i768!4f13.1!3m3!1m2!1s0xd4fd6fe07e0d319%3A0xcfd3c37b7444386e!2sAritu%20Ingeniaritza!5e0!3m2!1ses!2ses!4v1726742161685!5m2!1ses!2ses\" width=\"2600\" height=\"450\" style=\"border:0;\" allowfullscreen=\"\" loading=\"lazy\" referrerpolicy=\"no-referrer-when-downgrade\"><\/iframe>\n<\/div><\/div>\n<\/div><\/div><\/div>\n\n<p><\/p>\n","protected":false},"excerpt":{"rendered":"","protected":false},"author":1,"featured_media":0,"parent":0,"menu_order":0,"comment_status":"closed","ping_status":"closed","template":"page-templates\/pagebuilder.php","meta":{"zakra_sidebar_layout":"customizer","zakra_remove_content_margin":false,"zakra_sidebar":"customizer","zakra_transparent_header":"customizer","zakra_logo":0,"zakra_main_header_style":"default","zakra_menu_item_color":"","zakra_menu_item_hover_color":"","zakra_menu_item_active_color":"","zakra_menu_active_style":"","zakra_page_header":false,"_joinchat":[],"footnotes":""},"class_list":["post-1587","page","type-page","status-publish","hentry"],"_links":{"self":[{"href":"https:\/\/elkargest.com\/eu\/wp-json\/wp\/v2\/pages\/1587","targetHints":{"allow":["GET"]}}],"collection":[{"href":"https:\/\/elkargest.com\/eu\/wp-json\/wp\/v2\/pages"}],"about":[{"href":"https:\/\/elkargest.com\/eu\/wp-json\/wp\/v2\/types\/page"}],"author":[{"embeddable":true,"href":"https:\/\/elkargest.com\/eu\/wp-json\/wp\/v2\/users\/1"}],"replies":[{"embeddable":true,"href":"https:\/\/elkargest.com\/eu\/wp-json\/wp\/v2\/comments?post=1587"}],"version-history":[{"count":3,"href":"https:\/\/elkargest.com\/eu\/wp-json\/wp\/v2\/pages\/1587\/revisions"}],"predecessor-version":[{"id":1590,"href":"https:\/\/elkargest.com\/eu\/wp-json\/wp\/v2\/pages\/1587\/revisions\/1590"}],"wp:attachment":[{"href":"https:\/\/elkargest.com\/eu\/wp-json\/wp\/v2\/media?parent=1587"}],"curies":[{"name":"wp","href":"https:\/\/api.w.org\/{rel}","templated":true}]}}